{"id":827,"date":"2025-03-03T13:59:00","date_gmt":"2025-03-03T12:59:00","guid":{"rendered":"https:\/\/gemtech.hu\/?page_id=827"},"modified":"2025-03-03T14:42:38","modified_gmt":"2025-03-03T13:42:38","slug":"tevekenysegek","status":"publish","type":"page","link":"https:\/\/gemtech.hu\/en\/tevekenysegek\/","title":{"rendered":"Tev\u00e9kenys\u00e9gek"},"content":{"rendered":"<div data-elementor-type=\"wp-page\" data-elementor-id=\"827\" class=\"elementor elementor-827\" data-elementor-post-type=\"page\">\n\t\t\t\t\t\t<section class=\"elementor-section elementor-top-section elementor-element elementor-element-4f9dae03 elementor-section-height-min-height elementor-section-boxed elementor-section-height-default elementor-section-items-middle\" data-id=\"4f9dae03\" data-element_type=\"section\" data-settings=\"{&quot;background_background&quot;:&quot;slideshow&quot;,&quot;background_slideshow_gallery&quot;:[{&quot;id&quot;:&quot;44&quot;,&quot;url&quot;:&quot;https:\\\/\\\/gemtech.hu\\\/wp-content\\\/uploads\\\/2025\\\/02\\\/7.jpg&quot;},{&quot;id&quot;:&quot;45&quot;,&quot;url&quot;:&quot;https:\\\/\\\/gemtech.hu\\\/wp-content\\\/uploads\\\/2025\\\/02\\\/1.jpg&quot;},{&quot;id&quot;:&quot;46&quot;,&quot;url&quot;:&quot;https:\\\/\\\/gemtech.hu\\\/wp-content\\\/uploads\\\/2025\\\/02\\\/2.jpg&quot;},{&quot;id&quot;:&quot;50&quot;,&quot;url&quot;:&quot;https:\\\/\\\/gemtech.hu\\\/wp-content\\\/uploads\\\/2025\\\/02\\\/25.jpg&quot;},{&quot;id&quot;:&quot;49&quot;,&quot;url&quot;:&quot;https:\\\/\\\/gemtech.hu\\\/wp-content\\\/uploads\\\/2025\\\/02\\\/22-1.jpg&quot;}],&quot;background_slideshow_loop&quot;:&quot;yes&quot;,&quot;background_slideshow_slide_duration&quot;:5000,&quot;background_slideshow_slide_transition&quot;:&quot;fade&quot;,&quot;background_slideshow_transition_duration&quot;:500}\">\n\t\t\t\t\t\t\t<div class=\"elementor-background-overlay\"><\/div>\n\t\t\t\t\t\t\t<div class=\"elementor-container elementor-column-gap-default\">\n\t\t\t\t\t<div class=\"elementor-column elementor-col-100 elementor-top-column elementor-element elementor-element-5c712f68\" data-id=\"5c712f68\" data-element_type=\"column\">\n\t\t\t<div class=\"elementor-widget-wrap elementor-element-populated\">\n\t\t\t\t\t\t<div class=\"elementor-element elementor-element-74b6bd2d elementor-invisible elementor-widget elementor-widget-heading\" data-id=\"74b6bd2d\" data-element_type=\"widget\" data-settings=\"{&quot;_animation&quot;:&quot;fadeInDown&quot;}\" data-widget_type=\"heading.default\">\n\t\t\t\t<div class=\"elementor-widget-container\">\n\t\t\t\t\t<h2 class=\"elementor-heading-title elementor-size-default\">TEV\u00c9KENS\u00c9GEK<\/h2>\t\t\t\t<\/div>\n\t\t\t\t<\/div>\n\t\t\t\t<div class=\"elementor-element elementor-element-3c469809 elementor-align-center elementor-invisible elementor-widget elementor-widget-button\" data-id=\"3c469809\" data-element_type=\"widget\" data-settings=\"{&quot;_animation&quot;:&quot;fadeInUp&quot;}\" data-widget_type=\"button.default\">\n\t\t\t\t<div class=\"elementor-widget-container\">\n\t\t\t\t\t\t\t\t\t<div class=\"elementor-button-wrapper\">\n\t\t\t\t\t<a class=\"elementor-button elementor-button-link elementor-size-sm elementor-animation-grow\" href=\"\/en\/kapcsolat\/\">\n\t\t\t\t\t\t<span class=\"elementor-button-content-wrapper\">\n\t\t\t\t\t\t\t\t\t<span class=\"elementor-button-text\">Contact<\/span>\n\t\t\t\t\t<\/span>\n\t\t\t\t\t<\/a>\n\t\t\t\t<\/div>\n\t\t\t\t\t\t\t\t<\/div>\n\t\t\t\t<\/div>\n\t\t\t\t\t<\/div>\n\t\t<\/div>\n\t\t\t\t\t<\/div>\n\t\t<\/section>\n\t\t\t\t<section class=\"elementor-section elementor-top-section elementor-element elementor-element-e62e6 elementor-section-boxed elementor-section-height-default elementor-section-height-default\" data-id=\"e62e6\" data-element_type=\"section\" data-settings=\"{&quot;background_background&quot;:&quot;classic&quot;}\">\n\t\t\t\t\t\t<div class=\"elementor-container elementor-column-gap-default\">\n\t\t\t\t\t<div class=\"elementor-column elementor-col-50 elementor-top-column elementor-element elementor-element-ea18349 elementor-invisible\" data-id=\"ea18349\" data-element_type=\"column\" data-settings=\"{&quot;background_background&quot;:&quot;classic&quot;,&quot;animation&quot;:&quot;fadeInUp&quot;}\">\n\t\t\t<div class=\"elementor-widget-wrap elementor-element-populated\">\n\t\t\t\t\t\t<div class=\"elementor-element elementor-element-5c6ef780 elementor-widget elementor-widget-image\" data-id=\"5c6ef780\" data-element_type=\"widget\" data-widget_type=\"image.default\">\n\t\t\t\t<div class=\"elementor-widget-container\">\n\t\t\t\t\t\t\t\t\t\t\t\t\t\t\t<img fetchpriority=\"high\" decoding=\"async\" width=\"800\" height=\"534\" src=\"https:\/\/gemtech.hu\/wp-content\/uploads\/2025\/02\/JAC_1106-1024x683.jpg\" class=\"elementor-animation-grow attachment-large size-large wp-image-228\" alt=\"\" srcset=\"https:\/\/gemtech.hu\/wp-content\/uploads\/2025\/02\/JAC_1106-1024x683.jpg 1024w, https:\/\/gemtech.hu\/wp-content\/uploads\/2025\/02\/JAC_1106-300x200.jpg 300w, https:\/\/gemtech.hu\/wp-content\/uploads\/2025\/02\/JAC_1106-768x512.jpg 768w, https:\/\/gemtech.hu\/wp-content\/uploads\/2025\/02\/JAC_1106-1536x1024.jpg 1536w, https:\/\/gemtech.hu\/wp-content\/uploads\/2025\/02\/JAC_1106-2048x1365.jpg 2048w\" sizes=\"(max-width: 800px) 100vw, 800px\" \/>\t\t\t\t\t\t\t\t\t\t\t\t\t\t\t<\/div>\n\t\t\t\t<\/div>\n\t\t\t\t<div class=\"elementor-element elementor-element-2d725c0d elementor-widget elementor-widget-heading\" data-id=\"2d725c0d\" data-element_type=\"widget\" data-widget_type=\"heading.default\">\n\t\t\t\t<div class=\"elementor-widget-container\">\n\t\t\t\t\t<h2 class=\"elementor-heading-title elementor-size-default\">Design and General Contracting of Manufacturing and industrial halls, logistics warehouses, agricultural facilities, and commercial stores<\/h2>\t\t\t\t<\/div>\n\t\t\t\t<\/div>\n\t\t\t\t\t<\/div>\n\t\t<\/div>\n\t\t\t\t<div class=\"elementor-column elementor-col-50 elementor-top-column elementor-element elementor-element-62d549d5 elementor-invisible\" data-id=\"62d549d5\" data-element_type=\"column\" data-settings=\"{&quot;background_background&quot;:&quot;classic&quot;,&quot;animation&quot;:&quot;fadeInUp&quot;,&quot;animation_delay&quot;:100}\">\n\t\t\t<div class=\"elementor-widget-wrap elementor-element-populated\">\n\t\t\t\t\t\t<div class=\"elementor-element elementor-element-2bbf221e elementor-widget elementor-widget-image\" data-id=\"2bbf221e\" data-element_type=\"widget\" data-widget_type=\"image.default\">\n\t\t\t\t<div class=\"elementor-widget-container\">\n\t\t\t\t\t\t\t\t\t\t\t\t\t\t\t<img decoding=\"async\" width=\"800\" height=\"600\" src=\"https:\/\/gemtech.hu\/wp-content\/uploads\/2025\/02\/gep12-1024x768.jpg\" class=\"elementor-animation-grow attachment-large size-large wp-image-229\" alt=\"\" srcset=\"https:\/\/gemtech.hu\/wp-content\/uploads\/2025\/02\/gep12-1024x768.jpg 1024w, https:\/\/gemtech.hu\/wp-content\/uploads\/2025\/02\/gep12-300x225.jpg 300w, https:\/\/gemtech.hu\/wp-content\/uploads\/2025\/02\/gep12-768x576.jpg 768w, https:\/\/gemtech.hu\/wp-content\/uploads\/2025\/02\/gep12-1536x1152.jpg 1536w, https:\/\/gemtech.hu\/wp-content\/uploads\/2025\/02\/gep12.jpg 1600w\" sizes=\"(max-width: 800px) 100vw, 800px\" \/>\t\t\t\t\t\t\t\t\t\t\t\t\t\t\t<\/div>\n\t\t\t\t<\/div>\n\t\t\t\t<div class=\"elementor-element elementor-element-c771614 elementor-widget elementor-widget-heading\" data-id=\"c771614\" data-element_type=\"widget\" data-widget_type=\"heading.default\">\n\t\t\t\t<div class=\"elementor-widget-container\">\n\t\t\t\t\t<h2 class=\"elementor-heading-title elementor-size-default\">Design, Manufacturing, Installation, and Maintenance of Food Industry Machinery and Production Lines.<\/h2>\t\t\t\t<\/div>\n\t\t\t\t<\/div>\n\t\t\t\t\t<\/div>\n\t\t<\/div>\n\t\t\t\t\t<\/div>\n\t\t<\/section>\n\t\t\t\t<section class=\"elementor-section elementor-top-section elementor-element elementor-element-78c7e978 elementor-section-boxed elementor-section-height-default elementor-section-height-default\" data-id=\"78c7e978\" data-element_type=\"section\" data-settings=\"{&quot;background_background&quot;:&quot;classic&quot;}\">\n\t\t\t\t\t\t<div class=\"elementor-container elementor-column-gap-default\">\n\t\t\t\t\t<div class=\"elementor-column elementor-col-50 elementor-top-column elementor-element elementor-element-75542a elementor-invisible\" data-id=\"75542a\" data-element_type=\"column\" data-settings=\"{&quot;background_background&quot;:&quot;classic&quot;,&quot;animation&quot;:&quot;fadeInUp&quot;}\">\n\t\t\t<div class=\"elementor-widget-wrap elementor-element-populated\">\n\t\t\t\t\t\t<div class=\"elementor-element elementor-element-228cb6b4 elementor-widget elementor-widget-image\" data-id=\"228cb6b4\" data-element_type=\"widget\" data-widget_type=\"image.default\">\n\t\t\t\t<div class=\"elementor-widget-container\">\n\t\t\t\t\t\t\t\t\t\t\t\t\t\t\t<img decoding=\"async\" width=\"800\" height=\"600\" src=\"https:\/\/gemtech.hu\/wp-content\/uploads\/2025\/02\/daruk-2-1024x768.jpg\" class=\"elementor-animation-grow attachment-large size-large wp-image-230\" alt=\"\" srcset=\"https:\/\/gemtech.hu\/wp-content\/uploads\/2025\/02\/daruk-2-1024x768.jpg 1024w, https:\/\/gemtech.hu\/wp-content\/uploads\/2025\/02\/daruk-2-300x225.jpg 300w, https:\/\/gemtech.hu\/wp-content\/uploads\/2025\/02\/daruk-2-768x576.jpg 768w, https:\/\/gemtech.hu\/wp-content\/uploads\/2025\/02\/daruk-2.jpg 1440w\" sizes=\"(max-width: 800px) 100vw, 800px\" \/>\t\t\t\t\t\t\t\t\t\t\t\t\t\t\t<\/div>\n\t\t\t\t<\/div>\n\t\t\t\t<div class=\"elementor-element elementor-element-671e0ae6 elementor-widget elementor-widget-heading\" data-id=\"671e0ae6\" data-element_type=\"widget\" data-widget_type=\"heading.default\">\n\t\t\t\t<div class=\"elementor-widget-container\">\n\t\t\t\t\t<h2 class=\"elementor-heading-title elementor-size-default\">Design and Manufacturing of Custom-Designed, Dynamically Loaded Steel Structures and Building Frames.<\/h2>\t\t\t\t<\/div>\n\t\t\t\t<\/div>\n\t\t\t\t\t<\/div>\n\t\t<\/div>\n\t\t\t\t<div class=\"elementor-column elementor-col-50 elementor-top-column elementor-element elementor-element-2ae92b48 elementor-invisible\" data-id=\"2ae92b48\" data-element_type=\"column\" data-settings=\"{&quot;background_background&quot;:&quot;classic&quot;,&quot;animation&quot;:&quot;fadeInUp&quot;,&quot;animation_delay&quot;:100}\">\n\t\t\t<div class=\"elementor-widget-wrap elementor-element-populated\">\n\t\t\t\t\t\t<div class=\"elementor-element elementor-element-1f7858b elementor-widget elementor-widget-image\" data-id=\"1f7858b\" data-element_type=\"widget\" data-widget_type=\"image.default\">\n\t\t\t\t<div class=\"elementor-widget-container\">\n\t\t\t\t\t\t\t\t\t\t\t\t\t\t\t<img loading=\"lazy\" decoding=\"async\" width=\"800\" height=\"439\" src=\"https:\/\/gemtech.hu\/wp-content\/uploads\/2025\/02\/hegesztes-hatas.jpg\" class=\"elementor-animation-grow attachment-large size-large wp-image-231\" alt=\"\" srcset=\"https:\/\/gemtech.hu\/wp-content\/uploads\/2025\/02\/hegesztes-hatas.jpg 1000w, https:\/\/gemtech.hu\/wp-content\/uploads\/2025\/02\/hegesztes-hatas-300x165.jpg 300w, https:\/\/gemtech.hu\/wp-content\/uploads\/2025\/02\/hegesztes-hatas-768x422.jpg 768w\" sizes=\"(max-width: 800px) 100vw, 800px\" \/>\t\t\t\t\t\t\t\t\t\t\t\t\t\t\t<\/div>\n\t\t\t\t<\/div>\n\t\t\t\t<div class=\"elementor-element elementor-element-500fdd67 elementor-widget elementor-widget-heading\" data-id=\"500fdd67\" data-element_type=\"widget\" data-widget_type=\"heading.default\">\n\t\t\t\t<div class=\"elementor-widget-container\">\n\t\t\t\t\t<h2 class=\"elementor-heading-title elementor-size-default\">Design, Manufacturing, Installation, and Maintenance of Welding Terminals, Plasma and Oxy-Fuel Cutting Equipment, and Rolling Mill Production Lines.<\/h2>\t\t\t\t<\/div>\n\t\t\t\t<\/div>\n\t\t\t\t\t<\/div>\n\t\t<\/div>\n\t\t\t\t\t<\/div>\n\t\t<\/section>\n\t\t\t\t<section class=\"elementor-section elementor-top-section elementor-element elementor-element-54986b72 elementor-section-boxed elementor-section-height-default elementor-section-height-default\" data-id=\"54986b72\" data-element_type=\"section\">\n\t\t\t\t\t\t<div class=\"elementor-container elementor-column-gap-default\">\n\t\t\t\t\t<div class=\"elementor-column elementor-col-50 elementor-top-column elementor-element elementor-element-521c6639 elementor-invisible\" data-id=\"521c6639\" data-element_type=\"column\" data-settings=\"{&quot;background_background&quot;:&quot;classic&quot;,&quot;animation&quot;:&quot;fadeInUp&quot;}\">\n\t\t\t<div class=\"elementor-widget-wrap elementor-element-populated\">\n\t\t\t\t\t\t<div class=\"elementor-element elementor-element-39dc2c5a elementor-widget elementor-widget-image\" data-id=\"39dc2c5a\" data-element_type=\"widget\" data-widget_type=\"image.default\">\n\t\t\t\t<div class=\"elementor-widget-container\">\n\t\t\t\t\t\t\t\t\t\t\t\t\t\t\t<img loading=\"lazy\" decoding=\"async\" width=\"800\" height=\"600\" src=\"https:\/\/gemtech.hu\/wp-content\/uploads\/2025\/02\/IMG_8434-scaled-1-1024x768.jpg\" class=\"elementor-animation-grow attachment-large size-large wp-image-232\" alt=\"\" srcset=\"https:\/\/gemtech.hu\/wp-content\/uploads\/2025\/02\/IMG_8434-scaled-1-1024x768.jpg 1024w, https:\/\/gemtech.hu\/wp-content\/uploads\/2025\/02\/IMG_8434-scaled-1-300x225.jpg 300w, https:\/\/gemtech.hu\/wp-content\/uploads\/2025\/02\/IMG_8434-scaled-1-768x576.jpg 768w, https:\/\/gemtech.hu\/wp-content\/uploads\/2025\/02\/IMG_8434-scaled-1-1536x1152.jpg 1536w, https:\/\/gemtech.hu\/wp-content\/uploads\/2025\/02\/IMG_8434-scaled-1-2048x1536.jpg 2048w\" sizes=\"(max-width: 800px) 100vw, 800px\" \/>\t\t\t\t\t\t\t\t\t\t\t\t\t\t\t<\/div>\n\t\t\t\t<\/div>\n\t\t\t\t<div class=\"elementor-element elementor-element-236d1570 elementor-widget elementor-widget-heading\" data-id=\"236d1570\" data-element_type=\"widget\" data-widget_type=\"heading.default\">\n\t\t\t\t<div class=\"elementor-widget-container\">\n\t\t\t\t\t<h2 class=\"elementor-heading-title elementor-size-default\">Design, Manufacturing, Installation, and Maintenance of Bridge Cranes, Container Handling Gantry Cranes, Warehouse Gantry Cranes, and Port Portal Cranes.<\/h2>\t\t\t\t<\/div>\n\t\t\t\t<\/div>\n\t\t\t\t\t<\/div>\n\t\t<\/div>\n\t\t\t\t<div class=\"elementor-column elementor-col-50 elementor-top-column elementor-element elementor-element-72aab976 elementor-invisible\" data-id=\"72aab976\" data-element_type=\"column\" data-settings=\"{&quot;background_background&quot;:&quot;classic&quot;,&quot;animation&quot;:&quot;fadeInUp&quot;,&quot;animation_delay&quot;:100}\">\n\t\t\t<div class=\"elementor-widget-wrap elementor-element-populated\">\n\t\t\t\t\t\t<div class=\"elementor-element elementor-element-f1432e7 elementor-widget elementor-widget-image\" data-id=\"f1432e7\" data-element_type=\"widget\" data-widget_type=\"image.default\">\n\t\t\t\t<div class=\"elementor-widget-container\">\n\t\t\t\t\t\t\t\t\t\t\t\t\t\t\t<img loading=\"lazy\" decoding=\"async\" width=\"650\" height=\"433\" src=\"https:\/\/gemtech.hu\/wp-content\/uploads\/2025\/02\/5759.jpg\" class=\"elementor-animation-grow attachment-large size-large wp-image-233\" alt=\"\" srcset=\"https:\/\/gemtech.hu\/wp-content\/uploads\/2025\/02\/5759.jpg 650w, https:\/\/gemtech.hu\/wp-content\/uploads\/2025\/02\/5759-300x200.jpg 300w\" sizes=\"(max-width: 650px) 100vw, 650px\" \/>\t\t\t\t\t\t\t\t\t\t\t\t\t\t\t<\/div>\n\t\t\t\t<\/div>\n\t\t\t\t<div class=\"elementor-element elementor-element-563505a1 elementor-widget elementor-widget-heading\" data-id=\"563505a1\" data-element_type=\"widget\" data-widget_type=\"heading.default\">\n\t\t\t\t<div class=\"elementor-widget-container\">\n\t\t\t\t\t<h2 class=\"elementor-heading-title elementor-size-default\">Manufacturing and Installation of Power Plant Equipment, Turbine Components, Generator Parts, Metallurgical Machine Units, Rolling Mill Equipment, and Machine Frames.<\/h2>\t\t\t\t<\/div>\n\t\t\t\t<\/div>\n\t\t\t\t\t<\/div>\n\t\t<\/div>\n\t\t\t\t\t<\/div>\n\t\t<\/section>\n\t\t\t\t<\/div>","protected":false},"excerpt":{"rendered":"<p>TEV\u00c9KENS\u00c9GEK Kapcsolat Gy\u00e1rt\u00f3- \u00e9s \u00fczemcsarnokok, logisztikai rakt\u00e1rak, mez\u0151gazdas\u00e1gi l\u00e9tes\u00edtm\u00e9nyek, kereskedelmi \u00e1ruh\u00e1zak tervez\u00e9se, \u00e9s gener\u00e1lkivitelez\u00e9se. \u00c9lelmiszeripari g\u00e9pek \u00e9s gy\u00e1rt\u00f3sorok tervez\u00e9se, gy\u00e1rt\u00e1sa, telep\u00edt\u00e9se, karbantart\u00e1sa. Egyedi tervez\u00e9s\u0171, dinamikusan ig\u00e9nybevett ac\u00e9lszerkezetek \u00e9s csarnok\u00e9p\u00fcletv\u00e1zak tervez\u00e9se \u00e9s gy\u00e1rt\u00e1sa. Hegeszt\u0151 termin\u00e1lok, plazma \u00e9s l\u00e1ngv\u00e1g\u00f3 berendez\u00e9sek, hengersori gy\u00e1rt\u00f3sorok tervez\u00e9se, gy\u00e1rt\u00e1sa, telep\u00edt\u00e9se \u00e9s karbantart\u00e1sa. H\u00edddaruk, kont\u00e9nerrakod\u00f3 bakdaruk, rakt\u00e1ri bakdaruk, kik\u00f6t\u0151i port\u00e1ldaruk tervez\u00e9se, gy\u00e1rt\u00e1sa, telep\u00edt\u00e9se [&hellip;]<\/p>","protected":false},"author":1,"featured_media":0,"parent":0,"menu_order":0,"comment_status":"closed","ping_status":"closed","template":"","meta":{"footnotes":""},"class_list":["post-827","page","type-page","status-publish","hentry"],"yoast_head":"<!-- This site is optimized with the Yoast SEO plugin v25.9 - https:\/\/yoast.com\/wordpress\/plugins\/seo\/ -->\n<title>Tev\u00e9kenys\u00e9gek - GemTech Kft.<\/title>\n<meta name=\"robots\" content=\"index, follow, max-snippet:-1, max-image-preview:large, max-video-preview:-1\" \/>\n<link rel=\"canonical\" href=\"https:\/\/gemtech.hu\/en\/tevekenysegek\/\" \/>\n<meta property=\"og:locale\" content=\"en_GB\" \/>\n<meta property=\"og:type\" content=\"article\" \/>\n<meta property=\"og:title\" content=\"Tev\u00e9kenys\u00e9gek - GemTech Kft.\" \/>\n<meta property=\"og:description\" content=\"TEV\u00c9KENS\u00c9GEK Kapcsolat Gy\u00e1rt\u00f3- \u00e9s \u00fczemcsarnokok, logisztikai rakt\u00e1rak, mez\u0151gazdas\u00e1gi l\u00e9tes\u00edtm\u00e9nyek, kereskedelmi \u00e1ruh\u00e1zak tervez\u00e9se, \u00e9s gener\u00e1lkivitelez\u00e9se. \u00c9lelmiszeripari g\u00e9pek \u00e9s gy\u00e1rt\u00f3sorok tervez\u00e9se, gy\u00e1rt\u00e1sa, telep\u00edt\u00e9se, karbantart\u00e1sa. Egyedi tervez\u00e9s\u0171, dinamikusan ig\u00e9nybevett ac\u00e9lszerkezetek \u00e9s csarnok\u00e9p\u00fcletv\u00e1zak tervez\u00e9se \u00e9s gy\u00e1rt\u00e1sa. Hegeszt\u0151 termin\u00e1lok, plazma \u00e9s l\u00e1ngv\u00e1g\u00f3 berendez\u00e9sek, hengersori gy\u00e1rt\u00f3sorok tervez\u00e9se, gy\u00e1rt\u00e1sa, telep\u00edt\u00e9se \u00e9s karbantart\u00e1sa. H\u00edddaruk, kont\u00e9nerrakod\u00f3 bakdaruk, rakt\u00e1ri bakdaruk, kik\u00f6t\u0151i port\u00e1ldaruk tervez\u00e9se, gy\u00e1rt\u00e1sa, telep\u00edt\u00e9se [&hellip;]\" \/>\n<meta property=\"og:url\" content=\"https:\/\/gemtech.hu\/en\/tevekenysegek\/\" \/>\n<meta property=\"og:site_name\" content=\"GemTech Kft.\" \/>\n<meta property=\"article:modified_time\" content=\"2025-03-03T13:42:38+00:00\" \/>\n<meta property=\"og:image\" content=\"https:\/\/gemtech.hu\/wp-content\/uploads\/2025\/02\/JAC_1106-1024x683.jpg\" \/>\n<meta name=\"twitter:card\" content=\"summary_large_image\" \/>\n<meta name=\"twitter:label1\" content=\"Estimated reading time\" \/>\n\t<meta name=\"twitter:data1\" content=\"1 minute\" \/>\n<script type=\"application\/ld+json\" class=\"yoast-schema-graph\">{\"@context\":\"https:\/\/schema.org\",\"@graph\":[{\"@type\":\"WebPage\",\"@id\":\"https:\/\/gemtech.hu\/tevekenysegek\/\",\"url\":\"https:\/\/gemtech.hu\/tevekenysegek\/\",\"name\":\"Tev\u00e9kenys\u00e9gek - GemTech Kft.\",\"isPartOf\":{\"@id\":\"https:\/\/gemtech.hu\/#website\"},\"primaryImageOfPage\":{\"@id\":\"https:\/\/gemtech.hu\/tevekenysegek\/#primaryimage\"},\"image\":{\"@id\":\"https:\/\/gemtech.hu\/tevekenysegek\/#primaryimage\"},\"thumbnailUrl\":\"https:\/\/gemtech.hu\/wp-content\/uploads\/2025\/02\/JAC_1106-1024x683.jpg\",\"datePublished\":\"2025-03-03T12:59:00+00:00\",\"dateModified\":\"2025-03-03T13:42:38+00:00\",\"breadcrumb\":{\"@id\":\"https:\/\/gemtech.hu\/tevekenysegek\/#breadcrumb\"},\"inLanguage\":\"en-GB\",\"potentialAction\":[{\"@type\":\"ReadAction\",\"target\":[\"https:\/\/gemtech.hu\/tevekenysegek\/\"]}]},{\"@type\":\"ImageObject\",\"inLanguage\":\"en-GB\",\"@id\":\"https:\/\/gemtech.hu\/tevekenysegek\/#primaryimage\",\"url\":\"https:\/\/gemtech.hu\/wp-content\/uploads\/2025\/02\/JAC_1106-1024x683.jpg\",\"contentUrl\":\"https:\/\/gemtech.hu\/wp-content\/uploads\/2025\/02\/JAC_1106-1024x683.jpg\"},{\"@type\":\"BreadcrumbList\",\"@id\":\"https:\/\/gemtech.hu\/tevekenysegek\/#breadcrumb\",\"itemListElement\":[{\"@type\":\"ListItem\",\"position\":1,\"name\":\"Kezd\u0151lap\",\"item\":\"https:\/\/gemtech.hu\/\"},{\"@type\":\"ListItem\",\"position\":2,\"name\":\"Tev\u00e9kenys\u00e9gek\"}]},{\"@type\":\"WebSite\",\"@id\":\"https:\/\/gemtech.hu\/#website\",\"url\":\"https:\/\/gemtech.hu\/\",\"name\":\"GemTech Kft.\",\"description\":\"\",\"potentialAction\":[{\"@type\":\"SearchAction\",\"target\":{\"@type\":\"EntryPoint\",\"urlTemplate\":\"https:\/\/gemtech.hu\/?s={search_term_string}\"},\"query-input\":{\"@type\":\"PropertyValueSpecification\",\"valueRequired\":true,\"valueName\":\"search_term_string\"}}],\"inLanguage\":\"en-GB\"}]}<\/script>\n<!-- \/ Yoast SEO plugin. -->","yoast_head_json":{"title":"Tev\u00e9kenys\u00e9gek - GemTech Kft.","robots":{"index":"index","follow":"follow","max-snippet":"max-snippet:-1","max-image-preview":"max-image-preview:large","max-video-preview":"max-video-preview:-1"},"canonical":"https:\/\/gemtech.hu\/en\/tevekenysegek\/","og_locale":"en_GB","og_type":"article","og_title":"Tev\u00e9kenys\u00e9gek - GemTech Kft.","og_description":"TEV\u00c9KENS\u00c9GEK Kapcsolat Gy\u00e1rt\u00f3- \u00e9s \u00fczemcsarnokok, logisztikai rakt\u00e1rak, mez\u0151gazdas\u00e1gi l\u00e9tes\u00edtm\u00e9nyek, kereskedelmi \u00e1ruh\u00e1zak tervez\u00e9se, \u00e9s gener\u00e1lkivitelez\u00e9se. \u00c9lelmiszeripari g\u00e9pek \u00e9s gy\u00e1rt\u00f3sorok tervez\u00e9se, gy\u00e1rt\u00e1sa, telep\u00edt\u00e9se, karbantart\u00e1sa. Egyedi tervez\u00e9s\u0171, dinamikusan ig\u00e9nybevett ac\u00e9lszerkezetek \u00e9s csarnok\u00e9p\u00fcletv\u00e1zak tervez\u00e9se \u00e9s gy\u00e1rt\u00e1sa. Hegeszt\u0151 termin\u00e1lok, plazma \u00e9s l\u00e1ngv\u00e1g\u00f3 berendez\u00e9sek, hengersori gy\u00e1rt\u00f3sorok tervez\u00e9se, gy\u00e1rt\u00e1sa, telep\u00edt\u00e9se \u00e9s karbantart\u00e1sa. H\u00edddaruk, kont\u00e9nerrakod\u00f3 bakdaruk, rakt\u00e1ri bakdaruk, kik\u00f6t\u0151i port\u00e1ldaruk tervez\u00e9se, gy\u00e1rt\u00e1sa, telep\u00edt\u00e9se [&hellip;]","og_url":"https:\/\/gemtech.hu\/en\/tevekenysegek\/","og_site_name":"GemTech Kft.","article_modified_time":"2025-03-03T13:42:38+00:00","og_image":[{"url":"https:\/\/gemtech.hu\/wp-content\/uploads\/2025\/02\/JAC_1106-1024x683.jpg","type":"","width":"","height":""}],"twitter_card":"summary_large_image","twitter_misc":{"Estimated reading time":"1 minute"},"schema":{"@context":"https:\/\/schema.org","@graph":[{"@type":"WebPage","@id":"https:\/\/gemtech.hu\/tevekenysegek\/","url":"https:\/\/gemtech.hu\/tevekenysegek\/","name":"Tev\u00e9kenys\u00e9gek - GemTech Kft.","isPartOf":{"@id":"https:\/\/gemtech.hu\/#website"},"primaryImageOfPage":{"@id":"https:\/\/gemtech.hu\/tevekenysegek\/#primaryimage"},"image":{"@id":"https:\/\/gemtech.hu\/tevekenysegek\/#primaryimage"},"thumbnailUrl":"https:\/\/gemtech.hu\/wp-content\/uploads\/2025\/02\/JAC_1106-1024x683.jpg","datePublished":"2025-03-03T12:59:00+00:00","dateModified":"2025-03-03T13:42:38+00:00","breadcrumb":{"@id":"https:\/\/gemtech.hu\/tevekenysegek\/#breadcrumb"},"inLanguage":"en-GB","potentialAction":[{"@type":"ReadAction","target":["https:\/\/gemtech.hu\/tevekenysegek\/"]}]},{"@type":"ImageObject","inLanguage":"en-GB","@id":"https:\/\/gemtech.hu\/tevekenysegek\/#primaryimage","url":"https:\/\/gemtech.hu\/wp-content\/uploads\/2025\/02\/JAC_1106-1024x683.jpg","contentUrl":"https:\/\/gemtech.hu\/wp-content\/uploads\/2025\/02\/JAC_1106-1024x683.jpg"},{"@type":"BreadcrumbList","@id":"https:\/\/gemtech.hu\/tevekenysegek\/#breadcrumb","itemListElement":[{"@type":"ListItem","position":1,"name":"Kezd\u0151lap","item":"https:\/\/gemtech.hu\/"},{"@type":"ListItem","position":2,"name":"Tev\u00e9kenys\u00e9gek"}]},{"@type":"WebSite","@id":"https:\/\/gemtech.hu\/#website","url":"https:\/\/gemtech.hu\/","name":"GemTech Kft.","description":"","potentialAction":[{"@type":"SearchAction","target":{"@type":"EntryPoint","urlTemplate":"https:\/\/gemtech.hu\/?s={search_term_string}"},"query-input":{"@type":"PropertyValueSpecification","valueRequired":true,"valueName":"search_term_string"}}],"inLanguage":"en-GB"}]}},"_links":{"self":[{"href":"https:\/\/gemtech.hu\/en\/wp-json\/wp\/v2\/pages\/827","targetHints":{"allow":["GET"]}}],"collection":[{"href":"https:\/\/gemtech.hu\/en\/wp-json\/wp\/v2\/pages"}],"about":[{"href":"https:\/\/gemtech.hu\/en\/wp-json\/wp\/v2\/types\/page"}],"author":[{"embeddable":true,"href":"https:\/\/gemtech.hu\/en\/wp-json\/wp\/v2\/users\/1"}],"replies":[{"embeddable":true,"href":"https:\/\/gemtech.hu\/en\/wp-json\/wp\/v2\/comments?post=827"}],"version-history":[{"count":0,"href":"https:\/\/gemtech.hu\/en\/wp-json\/wp\/v2\/pages\/827\/revisions"}],"wp:attachment":[{"href":"https:\/\/gemtech.hu\/en\/wp-json\/wp\/v2\/media?parent=827"}],"curies":[{"name":"wp","href":"https:\/\/api.w.org\/{rel}","templated":true}]}}